{"id":35,"date":"2013-11-20T21:13:07","date_gmt":"2013-11-20T20:13:07","guid":{"rendered":"http:\/\/cpartajona.educacion.navarra.es\/web\/?page_id=35"},"modified":"2023-07-04T13:55:05","modified_gmt":"2023-07-04T11:55:05","slug":"informacion-general","status":"publish","type":"page","link":"https:\/\/cpartajona.educacion.navarra.es\/web\/informacion-general\/","title":{"rendered":"INFORMACI\u00d3N GENERAL"},"content":{"rendered":"<h1><span style=\"text-decoration: underline;\"><span style=\"color: #000080;\"><strong>Plan de convivencia<\/strong><\/span><\/span><\/h1>\n<div>\n<div style=\"text-align: justify;\">El Plan de Convivencia es el documento que sirve para concretar la organizaci\u00f3n y el funcionamiento del centro en relaci\u00f3n con la convivencia. En \u00e9l se establecen las l\u00edneas generales del modelo de convivencia a adoptar en el centro, los objetivos espec\u00edficos a alcanzar, las normas que lo regular\u00e1n y las actuaciones a realizar en este \u00e1mbito para la consecuci\u00f3n de los objetivos planteados.<\/div>\n<div><a href=\"https:\/\/docs.google.com\/document\/d\/12MtEbjrQ1JGZCNUzPxPU7DqWKX7YDx70\/edit\">Plan de convivencia\u00a0<\/a><\/div>\n<h1 style=\"text-align: justify;\"><\/h1>\n<h1 style=\"text-align: justify;\"><span style=\"text-decoration: underline;\"><span style=\"color: #000080;\"><strong>PROGRAMACIONES 23\/24<\/strong><\/span><\/span><\/h1>\n<div><\/div>\n<div style=\"text-align: justify;\"><strong>\u00a0INFANTIL<\/strong><\/div>\n<div style=\"text-align: justify;\">\n<table style=\"height: 205px;\" width=\"483\">\n<tbody>\n<tr>\n<td width=\"98\"><strong><em>\u00a01\u00ba E. Infantil<\/em><\/strong><\/td>\n<td width=\"98\"><strong><em>\u00a02\u00ba E Infantil<\/em><\/strong><\/td>\n<td width=\"98\"><strong><em>\u00a03\u00ba E Infantil<\/em><\/strong><\/td>\n<td width=\"90\"><strong><em>\u00a0<\/em><\/strong><\/td>\n<td width=\"98\"><strong><em>\u00a0<\/em><\/strong><\/td>\n<td width=\"98\"><strong><em>\u00a0<\/em><\/strong><\/td>\n<\/tr>\n<tr>\n<td colspan=\"6\" width=\"581\"><strong>PRIMARIA<\/strong><\/td>\n<\/tr>\n<tr>\n<td width=\"98\"><strong><em>1\u00ba curso<\/em><\/strong><\/td>\n<td width=\"98\"><strong><em>2\u00ba curso<\/em><\/strong><\/td>\n<td width=\"98\"><strong><em>3\u00ba curso <\/em><\/strong><\/td>\n<td width=\"90\"><strong><em>4\u00ba curso <\/em><\/strong><\/td>\n<td width=\"98\"><strong><em>5\u00ba curso<\/em><\/strong><\/td>\n<td width=\"98\"><strong><em>6\u00ba curso<\/em><\/strong><\/td>\n<\/tr>\n<tr>\n<td colspan=\"6\" width=\"581\"><strong>ESPECIALIDADES<\/strong><\/td>\n<\/tr>\n<tr>\n<td width=\"98\"><\/td>\n<td width=\"98\"><strong><em>Euskera<\/em><\/strong><\/td>\n<td width=\"98\"><strong><em>E. F\u00eds<\/em><em>i<\/em><em>ca<\/em><\/strong><\/td>\n<td width=\"90\"><strong><em>Religi\u00f3n<\/em><\/strong><\/td>\n<\/tr>\n<\/tbody>\n<\/table>\n<\/div>\n<div style=\"text-align: justify;\"><\/div>\n<\/div>\n<div style=\"text-align: justify;\"><\/div>\n<div>\n<h2 style=\"text-align: justify;\"><a href=\"https:\/\/drive.google.com\/open?id=0B7ayhE5mOticc2VZdHI1RkVGYTA\"><span style=\"text-decoration: underline;\"><span style=\"color: #000080;\"><strong>MISI\u00d3N VISI\u00d3N Y VALORES<\/strong><\/span><\/span><\/a><\/h2>\n<p><a href=\"http:\/\/cpartajona.educacion.navarra.es\/web\/wp-content\/uploads\/2015\/10\/MISION.jpg\"><img loading=\"lazy\" class=\"alignnone size-medium wp-image-1661\" src=\"http:\/\/cpartajona.educacion.navarra.es\/web\/wp-content\/uploads\/2015\/10\/MISION-300x210.jpg\" alt=\"MISION\" width=\"300\" height=\"210\" \/><\/a><\/p>\n<p><a href=\"http:\/\/cpartajona.educacion.navarra.es\/web\/wp-content\/uploads\/2015\/10\/VISION.jpg\"><img loading=\"lazy\" class=\"alignnone size-medium wp-image-1663\" src=\"http:\/\/cpartajona.educacion.navarra.es\/web\/wp-content\/uploads\/2015\/10\/VISION-300x205.jpg\" alt=\"VISION\" width=\"300\" height=\"205\" srcset=\"https:\/\/cpartajona.educacion.navarra.es\/web\/wp-content\/uploads\/2015\/10\/VISION-300x205.jpg 300w, https:\/\/cpartajona.educacion.navarra.es\/web\/wp-content\/uploads\/2015\/10\/VISION.jpg 822w\" sizes=\"(max-width: 300px) 100vw, 300px\" \/><\/a><\/p>\n<p><a href=\"http:\/\/cpartajona.educacion.navarra.es\/web\/wp-content\/uploads\/2015\/10\/VALORES.jpg\"><img loading=\"lazy\" class=\"alignnone size-medium wp-image-1662\" src=\"http:\/\/cpartajona.educacion.navarra.es\/web\/wp-content\/uploads\/2015\/10\/VALORES-300x201.jpg\" alt=\"VALORES\" width=\"300\" height=\"201\" srcset=\"https:\/\/cpartajona.educacion.navarra.es\/web\/wp-content\/uploads\/2015\/10\/VALORES-300x201.jpg 300w, https:\/\/cpartajona.educacion.navarra.es\/web\/wp-content\/uploads\/2015\/10\/VALORES.jpg 811w\" sizes=\"(max-width: 300px) 100vw, 300px\" \/><\/a><\/p>\n<\/div>\n","protected":false},"excerpt":{"rendered":"<p>Plan de convivencia El Plan de Convivencia es el documento que sirve para concretar la organizaci\u00f3n y el funcionamiento del centro en relaci\u00f3n con la convivencia. En \u00e9l se establecen las l\u00edneas generales del modelo de convivencia a adoptar en el centro, los objetivos espec\u00edficos a alcanzar, las normas que lo regular\u00e1n y las actuaciones &hellip; <\/p>\n<p><a class=\"more-link btn\" href=\"https:\/\/cpartajona.educacion.navarra.es\/web\/informacion-general\/\">Continue reading<\/a><\/p>\n","protected":false},"author":1,"featured_media":0,"parent":0,"menu_order":0,"comment_status":"open","ping_status":"closed","template":"","meta":[],"_links":{"self":[{"href":"https:\/\/cpartajona.educacion.navarra.es\/web\/wp-json\/wp\/v2\/pages\/35"}],"collection":[{"href":"https:\/\/cpartajona.educacion.navarra.es\/web\/wp-json\/wp\/v2\/pages"}],"about":[{"href":"https:\/\/cpartajona.educacion.navarra.es\/web\/wp-json\/wp\/v2\/types\/page"}],"author":[{"embeddable":true,"href":"https:\/\/cpartajona.educacion.navarra.es\/web\/wp-json\/wp\/v2\/users\/1"}],"replies":[{"embeddable":true,"href":"https:\/\/cpartajona.educacion.navarra.es\/web\/wp-json\/wp\/v2\/comments?post=35"}],"version-history":[{"count":50,"href":"https:\/\/cpartajona.educacion.navarra.es\/web\/wp-json\/wp\/v2\/pages\/35\/revisions"}],"predecessor-version":[{"id":3498,"href":"https:\/\/cpartajona.educacion.navarra.es\/web\/wp-json\/wp\/v2\/pages\/35\/revisions\/3498"}],"wp:attachment":[{"href":"https:\/\/cpartajona.educacion.navarra.es\/web\/wp-json\/wp\/v2\/media?parent=35"}],"curies":[{"name":"wp","href":"https:\/\/api.w.org\/{rel}","templated":true}]}}