{"id":40,"date":"2013-11-20T21:17:27","date_gmt":"2013-11-20T20:17:27","guid":{"rendered":"http:\/\/cpartajona.educacion.navarra.es\/web\/?page_id=40"},"modified":"2025-02-24T14:47:12","modified_gmt":"2025-02-24T13:47:12","slug":"secretaria-virtual","status":"publish","type":"page","link":"https:\/\/cpartajona.educacion.navarra.es\/web\/secretaria-virtual\/","title":{"rendered":"SECRETAR\u00cdA VIRTUAL"},"content":{"rendered":"<p><span style=\"color: #000000;\"><b>CALENDARIO ESCOLAR<\/b><\/span><\/p>\n<p>Calendario Escolar del pr\u00f3ximo curso 2024-2025. Aprobado en Consejo Escolar en junio de 2024.<\/p>\n<h4><a href=\"https:\/\/drive.google.com\/file\/d\/1v-aiIRHLb26JZxrEoZq_HauvR7UkkFNF\/view?usp=drive_link\"><span style=\"color: #ff0000;\"><strong><span style=\"color: #000080;\">M<\/span><\/strong><\/span><span style=\"color: #ff0000;\"><strong><span style=\"color: #000080;\">D010201 calendario escolar 24\/25<\/span><\/strong><\/span><span style=\"color: #ff0000;\"><strong><span style=\"color: #000080;\">.xls<\/span><\/strong><\/span><\/a><span style=\"color: #ff0000;\"><strong><span style=\"color: #000080;\">\u00a0<\/span><\/strong><\/span><\/h4>\n<p><em><strong>\u00a0<\/strong><\/em><\/p>\n<h2><em><strong>Libros de texto curso 2024-25<\/strong><\/em><\/h2>\n<div>En el siguiente enlace pod\u00e9is consultar el listado de libros para este nuevo curso. De 3\u00ba EP-6\u00ba EP continuamos con los libros de gratuidad que se entregar\u00e1n en el inicio de curso, Hay que comprar los cuadernillos se\u00f1alados.<\/div>\n<div>1\u00ba y 2\u00ba curso de Educaci\u00f3n Primaria, al igual que otros a\u00f1os, deber\u00e1n comprar los libros,\u00a0ya que son libros fungibles que no se pueden reutilizar. Para ello dispondr\u00e1n de un bono de gratuidad, si el precio de los libros es superior al importe del bono las familias aportar\u00e1n la diferencia.<\/div>\n<div><\/div>\n<h3><a href=\"https:\/\/docs.google.com\/document\/d\/1zJdVEfAH_KPJS6BW8jEJBnKuHXjKQZXVxzI2PfIj5jk\/edit\"><span style=\"color: #000000;\"><strong>MD010110Planillaslibrosdetexto.24\/25<\/strong><\/span><\/a><\/h3>\n<div><\/div>\n<h2><em><strong style=\"line-height: 1.7;\">Becas y Ayudas<\/strong><\/em><\/h2>\n<h3><span style=\"color: #000080;\"><a style=\"color: #000080;\" href=\"https:\/\/www.educacion.navarra.es\/web\/dpto\/becas-y-ayudas\">Normativa oficial.<\/a><\/span><\/h3>\n<p><a href=\"https:\/\/www.becaseducacion.gob.es\/portada.html\"><span style=\"color: #000080;\">Convocatoria becas MEC 20-21<\/span><\/a><\/p>\n<h2><em><strong>Justificante ausencias<\/strong><\/em><\/h2>\n<p><span style=\"color: #ff0000;\"><a style=\"color: #ff0000;\" href=\"https:\/\/docs.google.com\/document\/d\/1F0ynRhYfaF3DYkOhLmj8gzwsd7jNg7ljwZY2odG3mfo\/edit?usp=sharing\">Plantilla<\/a><\/span>\u00a0de justificante de faltas de asistencia a clase a rellenar por parte del padre, madre o tutor legal y entregar al tutor de su hijo en el colegio.<\/p>\n<h2><em>\u00a0<strong>Solicitudes<\/strong><\/em><\/h2>\n<div><span style=\"color: #ff0000;\"><a style=\"color: #ff0000;\" href=\"https:\/\/drive.google.com\/open?id=19zH_M-3x6GWq3QJ3RINQJ_IJHzZERPjvgL5I_k2uzRU\">\u00a0Preinscripci\u00f3n\u00a0<\/a><\/span><a href=\"http:\/\/cpartajona.educacion.navarra.es\/web\/wp-content\/uploads\/2013\/11\/MD010104-solicitud-preinscripci\u00f3n-2.pdf\" target=\"_blank\" rel=\"noopener noreferrer\"><br \/>\n<\/a><\/div>\n<div><\/div>\n<div><span style=\"color: #ff0000;\"><a style=\"color: #ff0000;\" href=\"https:\/\/drive.google.com\/open?id=1hA7AMQk-8DmWqp1vb9K1wPCjjh6tFG2aMYthCJt3L3o\">Elecci\u00f3n modelo ling\u00fc\u00edstico\u00a0<\/a><\/span><a href=\"http:\/\/cpartajona.educacion.navarra.es\/web\/wp-content\/uploads\/2013\/11\/MD010105-Modelo-ling\u00fc\u00edstico-1.pdf\" target=\"_blank\" rel=\"noopener noreferrer\"><br \/>\n<\/a><\/div>\n<div><span style=\"color: #ff0000;\">\u00a0<\/span><\/div>\n<div><a href=\"https:\/\/drive.google.com\/open?id=1VJB8aq0KI1PD4ePdyFo9NRmYt0Yy-a17AHCbU1DFF3s\"><span style=\"color: #ff0000;\">Cambio de modelo ling\u00fci\u00edstico<\/span>\u00a0<\/a><a href=\"https:\/\/docs.google.com\/document\/d\/1VJB8aq0KI1PD4ePdyFo9NRmYt0Yy-a17AHCbU1DFF3s\/edit?usp=sharing\" target=\"_blank\" rel=\"noopener noreferrer\"><br \/>\n<\/a><\/div>\n<div><\/div>\n<div><span style=\"color: #ff0000;\"><a style=\"color: #ff0000;\" href=\"https:\/\/drive.google.com\/open?id=1qAmAMo4edYd8RIkEPABxgnKvxJTUL5zGrGgmzEHzwBg\">Religi\u00f3n \/Valores<\/a><\/span><\/div>\n<h2><\/h2>\n<h2><strong><strong><strong><em><span style=\"font-family: 'Helvetica Neue', Arial, Helvetica, 'Nimbus Sans L', sans-serif; font-size: 1.17em; letter-spacing: 0.025em; color: #444444; line-height: 1.7;\">Autorizaciones<\/span><\/em><\/strong><\/strong><\/strong><\/h2>\n<div>Las autorizaciones se realizan para toda la etapa educativa, si alguno quiere modificarlas, puede hacerlo imprimiendo el documento a modificar y entreg\u00e1ndolo o bien al profesorado tutor o en secretaria.<\/div>\n<p><span style=\"color: #ff0000;\"><a style=\"color: #ff0000;\" href=\"https:\/\/docs.google.com\/document\/d\/1U2JzHwKq1CTddxffkfec9uM8cTVN-IayXW7X5hpFM-w\/edit?usp=sharing\">Fotograf\u00edas<\/a><\/span><\/p>\n<p><a href=\"https:\/\/drive.google.com\/open?id=1vSeQYlteAbwiGB_3zBJRG053FOe18Ec022_BxjQqHxQ\"><span style=\"color: #ff0000;\">Actividades complementarias<\/span><\/a><\/p>\n<p><span style=\"color: #ff0000;\"><a style=\"color: #ff0000;\" href=\"https:\/\/drive.google.com\/open?id=1_GNnY2eCHA_Khwa5uQi5q9lfLK5SQF2BdYt53iHDeN8\">Recogida de alumnos\/as<\/a><\/span><\/p>\n<h2><strong>SQR-RF Sugerencias, quejas y reclamaciones \/ Reconocimientos y felicitaciones.<\/strong><\/h2>\n<p>El colegio p\u00fablico \u00abUrraca Reina\u00bb est\u00e1 desplegando los diferentes procesos del Plan de calidad. Uno de ellos es el de sugerencias quejas y reclamaciones reconocimientos y felicitaciones.<\/p>\n<p><a href=\"http:\/\/cpartajona.educacion.navarra.es\/web\/wp-content\/uploads\/2013\/11\/MD030401-Informe-Sugerencia-queja-o-reclamaci\u00f3n.doc\">\u00a0<span style=\"color: #000000;\">En\u00a0<\/span><\/a>el hall de la escuela hemos habilitado una mesa con una caja, donde cualquier miembro de la comunidad escolar puede depositar el informe con la sugerencia, queja o reclamaci\u00f3n o en su caso su reconocimiento o felicitaci\u00f3n que considere oportuno.<\/p>\n<p><span style=\"color: #ff0000;\"><a style=\"color: #ff0000;\" href=\"https:\/\/docs.google.com\/forms\/d\/e\/1FAIpQLSdhpWlTj89Hj8iakAF5gIgB4RhP_6F7PvKMLGq7if38TpMC7A\/viewform?usp=send_form\">Informe Sugerencia, queja o reclamaci\u00f3n<\/a><\/span><\/p>\n<h2><strong>Especificaciones\u00a0<\/strong><\/h2>\n<p>Las especificaciones muestran la oferta curricular del C.P.E.I.P. Urraca Reina para el pr\u00f3ximo curso.<\/p>\n<p><span style=\"color: #ff0000;\"><span style=\"color: #000000;\">Se resumen los contenidos m\u00e1s significativos que se imparten en cada \u00e1rea<\/span>.<\/span><\/p>\n<p><a href=\"https:\/\/drive.google.com\/open?id=0B7ayhE5mOticbkdhczJudGxfTVE\"><span style=\"color: #ff0000;\">Ver especificaciones<\/span><\/a><\/p>\n<h1><span style=\"color: #000000;\"><b>ENCUESTAS<\/b><\/span><\/h1>\n<h3><strong>Encuesta acogida.<\/strong><\/h3>\n<p>A rellenar despu\u00e9s de la reuni\u00f3n de principio de curso<a href=\"https:\/\/docs.google.com\/forms\/d\/1sIRpQ9Md55VMETzFDfOAwEkMcrJvzJT4zE5zg4qjxQg\/prefill\">.(encuesta acogida)<\/a><\/p>\n<h3><strong>Encuesta Satisfacci\u00f3n Familias.<\/strong><\/h3>\n<p>Para el C.P. \u00abUrraca Reina\u00bb es muy importante recoger la opini\u00f3n que las familias tienen de nuestra labor educativa. Rellenando la encuesta que te presentamos nos ayudas a seguir mejorando en nuestra tarea.<\/p>\n<p>La encuesta es totalmente an\u00f3nima\u00a0por lo que rogamos se cumplimente con la mayor sinceridad\u00a0posible.<\/p>\n<p><a href=\"https:\/\/docs.google.com\/forms\/d\/e\/1FAIpQLSeZIsIMA9mymnlpbOD8KTws8e78FlCszh1VZs7UKgB8thYSLw\/viewform?usp=sf_link#start=embed\">ENCUESTA SATISFACCI\u00d3N FAMILIAS<\/a>.<\/p>\n","protected":false},"excerpt":{"rendered":"<p>CALENDARIO ESCOLAR Calendario Escolar del pr\u00f3ximo curso 2024-2025. Aprobado en Consejo Escolar en junio de 2024. MD010201 calendario escolar 24\/25.xls\u00a0 \u00a0 Libros de texto curso 2024-25 En el siguiente enlace pod\u00e9is consultar el listado de libros para este nuevo curso. De 3\u00ba EP-6\u00ba EP continuamos con los libros de gratuidad que se entregar\u00e1n en el &hellip; <\/p>\n<p><a class=\"more-link btn\" href=\"https:\/\/cpartajona.educacion.navarra.es\/web\/secretaria-virtual\/\">Continue reading<\/a><\/p>\n","protected":false},"author":1,"featured_media":0,"parent":0,"menu_order":0,"comment_status":"open","ping_status":"open","template":"","meta":[],"_links":{"self":[{"href":"https:\/\/cpartajona.educacion.navarra.es\/web\/wp-json\/wp\/v2\/pages\/40"}],"collection":[{"href":"https:\/\/cpartajona.educacion.navarra.es\/web\/wp-json\/wp\/v2\/pages"}],"about":[{"href":"https:\/\/cpartajona.educacion.navarra.es\/web\/wp-json\/wp\/v2\/types\/page"}],"author":[{"embeddable":true,"href":"https:\/\/cpartajona.educacion.navarra.es\/web\/wp-json\/wp\/v2\/users\/1"}],"replies":[{"embeddable":true,"href":"https:\/\/cpartajona.educacion.navarra.es\/web\/wp-json\/wp\/v2\/comments?post=40"}],"version-history":[{"count":134,"href":"https:\/\/cpartajona.educacion.navarra.es\/web\/wp-json\/wp\/v2\/pages\/40\/revisions"}],"predecessor-version":[{"id":3557,"href":"https:\/\/cpartajona.educacion.navarra.es\/web\/wp-json\/wp\/v2\/pages\/40\/revisions\/3557"}],"wp:attachment":[{"href":"https:\/\/cpartajona.educacion.navarra.es\/web\/wp-json\/wp\/v2\/media?parent=40"}],"curies":[{"name":"wp","href":"https:\/\/api.w.org\/{rel}","templated":true}]}}